{"id":57,"date":"2019-08-22T12:04:25","date_gmt":"2019-08-22T12:04:25","guid":{"rendered":"http:\/\/krystalwp.spiraclethemes.com\/demo13\/?page_id=57"},"modified":"2026-03-01T23:41:18","modified_gmt":"2026-03-01T22:41:18","slug":"home-2","status":"publish","type":"page","link":"https:\/\/lazeckilegal.pl\/","title":{"rendered":"Strona g\u0142\u00f3wna"},"content":{"rendered":"\t\t<div data-elementor-type=\"wp-post\" data-elementor-id=\"57\" class=\"elementor elementor-57\">\n\t\t\t\t\t\t<section class=\"elementor-section elementor-top-section elementor-element elementor-element-8873fd6 elementor-section-stretched elementor-section-content-middle elementor-section-boxed elementor-section-height-default elementor-section-height-default\" data-id=\"8873fd6\" data-element_type=\"section\" data-e-type=\"section\" data-settings=\"{&quot;stretch_section&quot;:&quot;section-stretched&quot;,&quot;background_background&quot;:&quot;classic&quot;}\">\n\t\t\t\t\t\t\t<div class=\"elementor-background-overlay\"><\/div>\n\t\t\t\t\t\t\t<div class=\"elementor-container elementor-column-gap-default\">\n\t\t\t\t\t<div class=\"elementor-column elementor-col-100 elementor-top-column elementor-element elementor-element-4d53ffa\" data-id=\"4d53ffa\" data-element_type=\"column\" data-e-type=\"column\">\n\t\t\t<div class=\"elementor-widget-wrap elementor-element-populated\">\n\t\t\t\t\t\t<div class=\"elementor-element elementor-element-9310901 elementor-widget elementor-widget-heading\" data-id=\"9310901\" data-element_type=\"widget\" data-e-type=\"widget\" data-widget_type=\"heading.default\">\n\t\t\t\t\t<h3 class=\"elementor-heading-title elementor-size-default\">Witamy Pa\u0144stwa na stronie\n\nKancelarii Adwokackiej<\/h3>\t\t\t\t<\/div>\n\t\t\t\t<div class=\"elementor-element elementor-element-ecb93fb elementor-widget-divider--view-line elementor-widget elementor-widget-divider\" data-id=\"ecb93fb\" data-element_type=\"widget\" data-e-type=\"widget\" data-widget_type=\"divider.default\">\n\t\t\t\t\t\t\t<div class=\"elementor-divider\">\n\t\t\t<span class=\"elementor-divider-separator\">\n\t\t\t\t\t\t<\/span>\n\t\t<\/div>\n\t\t\t\t\t\t<\/div>\n\t\t\t\t<div class=\"elementor-element elementor-element-99ea3bb elementor-widget elementor-widget-heading\" data-id=\"99ea3bb\" data-element_type=\"widget\" data-e-type=\"widget\" data-widget_type=\"heading.default\">\n\t\t\t\t\t<h3 class=\"elementor-heading-title elementor-size-default\">Adwokata Mariusza \u0141az\u0119ckiego<\/h3>\t\t\t\t<\/div>\n\t\t\t\t\t<\/div>\n\t\t<\/div>\n\t\t\t\t\t<\/div>\n\t\t<\/section>\n\t\t\t\t<section class=\"elementor-section elementor-top-section elementor-element elementor-element-a709fa8 elementor-section-boxed elementor-section-height-default elementor-section-height-default\" data-id=\"a709fa8\" data-element_type=\"section\" data-e-type=\"section\" data-settings=\"{&quot;background_background&quot;:&quot;classic&quot;}\">\n\t\t\t\t\t\t<div class=\"elementor-container elementor-column-gap-no\">\n\t\t\t\t\t<div class=\"elementor-column elementor-col-50 elementor-top-column elementor-element elementor-element-72bd0f3\" data-id=\"72bd0f3\" data-element_type=\"column\" data-e-type=\"column\">\n\t\t\t<div class=\"elementor-widget-wrap elementor-element-populated\">\n\t\t\t\t\t\t<div class=\"elementor-element elementor-element-075b6e5 elementor-widget__width-initial elementor-widget elementor-widget-text-editor\" data-id=\"075b6e5\" data-element_type=\"widget\" data-e-type=\"widget\" data-widget_type=\"text-editor.default\">\n\t\t\t\t\t\t\t\t\t<p>Kancelaria zapewnia wszechstronn\u0105 pomoc prawn\u0105 zar\u00f3wno osobom fizycznym jak i przedsi\u0119biorcom w zakresie wszystkich dziedzin prawa, pocz\u0105wszy od spraw cywilnych, karnych, rozwodowych, spadkowych, pracowniczych, administracyjnych, w tym reprezentacj\u0119 naszych klient\u00f3w w s\u0105dach i urz\u0119dach, po kompleksow\u0105 obs\u0142ug\u0119 prawn\u0105 przedsi\u0119biorc\u00f3w i przedsi\u0119wzi\u0119\u0107 gospodarczych a tak\u017ce sprawy podatkowe, celne oraz z zakresu prawa ubezpiecze\u0144 spo\u0142ecznych.<\/p><p>Najwy\u017csz\u0105 jako\u015b\u0107 \u015bwiadczonych przez nas us\u0142ug gwarantuje udzia\u0142 w Kancelarii do\u015bwiadczonych prawnik\u00f3w oraz wsp\u00f3\u0142praca z wybitnymi specjalistami z bogatym do\u015bwiadczeniem praktycznym. Kancelaria wsp\u00f3\u0142dzia\u0142a tak\u017ce ze Stowarzyszeniem Poszkodowanych w Kolizjach i Wypadkach Drogowych &#8222;Alter Ego&#8221; \u015bwiadcz\u0105c pomoc ofiarom wypadk\u00f3w komunikacyjnych.<\/p>\t\t\t\t\t\t\t\t<\/div>\n\t\t\t\t\t<\/div>\n\t\t<\/div>\n\t\t\t\t<div class=\"elementor-column elementor-col-50 elementor-top-column elementor-element elementor-element-93a25f4\" data-id=\"93a25f4\" data-element_type=\"column\" data-e-type=\"column\">\n\t\t\t<div class=\"elementor-widget-wrap elementor-element-populated\">\n\t\t\t\t\t\t<div class=\"elementor-element elementor-element-b6cc820 elementor-widget__width-initial elementor-widget elementor-widget-image\" data-id=\"b6cc820\" data-element_type=\"widget\" data-e-type=\"widget\" data-widget_type=\"image.default\">\n\t\t\t\t\t\t\t\t\t\t\t\t\t\t\t<img fetchpriority=\"high\" decoding=\"async\" width=\"400\" height=\"533\" src=\"https:\/\/lazeckilegal.pl\/wp-content\/uploads\/2025\/12\/IMGL0784a-scaled-e1764968583345.jpg\" class=\"attachment-full size-full wp-image-2579\" alt=\"\" \/>\t\t\t\t\t\t\t\t\t\t\t\t\t\t\t<\/div>\n\t\t\t\t\t<\/div>\n\t\t<\/div>\n\t\t\t\t\t<\/div>\n\t\t<\/section>\n\t\t\t\t<section class=\"elementor-section elementor-top-section elementor-element elementor-element-2aba689 elementor-section-boxed elementor-section-height-default elementor-section-height-default\" data-id=\"2aba689\" data-element_type=\"section\" data-e-type=\"section\">\n\t\t\t\t\t\t<div class=\"elementor-container elementor-column-gap-default\">\n\t\t\t\t\t<div class=\"elementor-column elementor-col-100 elementor-top-column elementor-element elementor-element-228acac\" data-id=\"228acac\" data-element_type=\"column\" data-e-type=\"column\">\n\t\t\t<div class=\"elementor-widget-wrap elementor-element-populated\">\n\t\t\t\t\t\t<div class=\"elementor-element elementor-element-9756993 elementor-widget elementor-widget-heading\" data-id=\"9756993\" data-element_type=\"widget\" data-e-type=\"widget\" data-widget_type=\"heading.default\">\n\t\t\t\t\t<h2 class=\"elementor-heading-title elementor-size-default\">NASZA OFERTA<\/h2>\t\t\t\t<\/div>\n\t\t\t\t<div class=\"elementor-element elementor-element-58367c8 elementor-widget elementor-widget-text-editor\" data-id=\"58367c8\" data-element_type=\"widget\" data-e-type=\"widget\" data-widget_type=\"text-editor.default\">\n\t\t\t\t\t\t\t\t\t<h4 class=\"elementor-heading-title elementor-size-default elementor-inline-editing pen\" style=\"text-align: center;\" contenteditable=\"true\" data-elementor-setting-key=\"title\" data-pen-placeholder=\"Pisz tutaj...\">Kancelaria Adwokacka Adwokat Mariusz \u0141az\u0119cki \u015bwiadczy us\u0142ugi prawne dla przedsi\u0119biorc\u00f3w indywidualnych i korporacyjnych, fundacji, stowarzysze\u0144 oraz korporacji zawodowych.<\/h4>\t\t\t\t\t\t\t\t<\/div>\n\t\t\t\t\t<\/div>\n\t\t<\/div>\n\t\t\t\t\t<\/div>\n\t\t<\/section>\n\t\t\t\t<section class=\"elementor-section elementor-top-section elementor-element elementor-element-d1db4ef elementor-section-boxed elementor-section-height-default elementor-section-height-default\" data-id=\"d1db4ef\" data-element_type=\"section\" data-e-type=\"section\">\n\t\t\t\t\t\t<div class=\"elementor-container elementor-column-gap-default\">\n\t\t\t\t\t<div class=\"elementor-column elementor-col-50 elementor-top-column elementor-element elementor-element-a183ce2\" data-id=\"a183ce2\" data-element_type=\"column\" data-e-type=\"column\" data-settings=\"{&quot;background_background&quot;:&quot;classic&quot;}\">\n\t\t\t<div class=\"elementor-widget-wrap elementor-element-populated\">\n\t\t\t\t\t\t<section class=\"elementor-section elementor-inner-section elementor-element elementor-element-798918d elementor-section-boxed elementor-section-height-default elementor-section-height-default\" data-id=\"798918d\" data-element_type=\"section\" data-e-type=\"section\">\n\t\t\t\t\t\t<div class=\"elementor-container elementor-column-gap-default\">\n\t\t\t\t\t<div class=\"elementor-column elementor-col-100 elementor-inner-column elementor-element elementor-element-8c08724\" data-id=\"8c08724\" data-element_type=\"column\" data-e-type=\"column\">\n\t\t\t<div class=\"elementor-widget-wrap elementor-element-populated\">\n\t\t\t\t\t\t<div class=\"elementor-element elementor-element-f0854a7 elementor-view-default elementor-widget elementor-widget-icon\" data-id=\"f0854a7\" data-element_type=\"widget\" data-e-type=\"widget\" data-widget_type=\"icon.default\">\n\t\t\t\t\t\t\t<div class=\"elementor-icon-wrapper\">\n\t\t\t<div class=\"elementor-icon\">\n\t\t\t<svg aria-hidden=\"true\" class=\"e-font-icon-svg e-fas-star\" viewBox=\"0 0 576 512\" xmlns=\"http:\/\/www.w3.org\/2000\/svg\"><path d=\"M259.3 17.8L194 150.2 47.9 171.5c-26.2 3.8-36.7 36.1-17.7 54.6l105.7 103-25 145.5c-4.5 26.3 23.2 46 46.4 33.7L288 439.6l130.7 68.7c23.2 12.2 50.9-7.4 46.4-33.7l-25-145.5 105.7-103c19-18.5 8.5-50.8-17.7-54.6L382 150.2 316.7 17.8c-11.7-23.6-45.6-23.9-57.4 0z\"><\/path><\/svg>\t\t\t<\/div>\n\t\t<\/div>\n\t\t\t\t\t\t<\/div>\n\t\t\t\t<div class=\"elementor-element elementor-element-c008406 elementor-widget elementor-widget-heading\" data-id=\"c008406\" data-element_type=\"widget\" data-e-type=\"widget\" data-widget_type=\"heading.default\">\n\t\t\t\t\t<h2 class=\"elementor-heading-title elementor-size-default\">OBS\u0141UGA PRAWNA PRZEDSI\u0118BIORC\u00d3W<\/h2>\t\t\t\t<\/div>\n\t\t\t\t<div class=\"elementor-element elementor-element-5c397c5 elementor-widget elementor-widget-text-editor\" data-id=\"5c397c5\" data-element_type=\"widget\" data-e-type=\"widget\" data-widget_type=\"text-editor.default\">\n\t\t\t\t\t\t\t\t\t<p>Kancelaria oferuje szereg wyspecjalizowanych us\u0142ug z zakresu obs\u0142ugi prawnej przedsi\u0119biorc\u00f3w. W szczeg\u00f3lno\u015bci Kancelaria zapewnia:<\/p><p>&#8211; opiniowanie i sporz\u0105dzanie um\u00f3w<\/p><p>&#8211; porady i opinie prawne<\/p><p>&#8211; zak\u0142adanie sp\u00f3\u0142ek<\/p><p>&#8211; obs\u0142uga sp\u00f3\u0142ek<\/p><p>&#8211; prowadzenie spraw s\u0105dowych<\/p><p>W ramach wsp\u00f3\u0142pracy Kancelaria oferuje sta\u0142\u0105 obs\u0142ug\u0119 prawn\u0105, umo\u017cliwiaj\u0105c\u0105 korzystanie z us\u0142ug prawniczych w wymiarze czasowym i\/lub na warunkach ustalonych w umowie o sta\u0142\u0105 obs\u0142ug\u0119 prawn\u0105.<\/p><p>Zakresem \u015bwiadczonych us\u0142ug obj\u0119ta jest wi\u0119kszo\u015b\u0107 dziedzin prawa, z kt\u00f3rymi stykaj\u0105 si\u0119 przedsi\u0119biorcy, w szczeg\u00f3lno\u015bci:<\/p><p>&#8211; prawa handlowego, cywilnego i dzia\u0142alno\u015bci gospodarczej,<\/p><p>&#8211; prawa nieuczciwej konkurencji,<\/p><p>&#8211; prawa pracy i ubezpiecze\u0144 spo\u0142ecznych,<\/p><p>&#8211; prawa podatkowego, gier losowych i leasingu,<\/p><p>&#8211; prawa autorskiego i komputerowego oraz w\u0142asno\u015bci przemys\u0142owej,<\/p><p>&#8211; prawa bankowego i dewizowego,<\/p><p>&#8211; prawa administracyjnego (w tym zam\u00f3wie\u0144 publicznych),<\/p><p>&#8211; prawa budowlanego\u00a0i planowania przestrzennego,<\/p><p>&#8211; prawa o\u015bwiatowego,<\/p><p>&#8211; prawa ubezpiecze\u0144 maj\u0105tkowych,<\/p><p>&#8211; prawa ochrony \u015brodowiska (w tym gospodarki odpadami),<\/p><p>&#8211; prawa papier\u00f3w warto\u015bciowych,<\/p><p>&#8211; prawa medycznego,<\/p><p>&#8211; prawa upad\u0142o\u015bciowego i uk\u0142adowego,<\/p><p>&#8211; prawa karnego-skarbowego.<\/p>\t\t\t\t\t\t\t\t<\/div>\n\t\t\t\t\t<\/div>\n\t\t<\/div>\n\t\t\t\t\t<\/div>\n\t\t<\/section>\n\t\t\t\t\t<\/div>\n\t\t<\/div>\n\t\t\t\t<div class=\"elementor-column elementor-col-50 elementor-top-column elementor-element elementor-element-646aa19\" data-id=\"646aa19\" data-element_type=\"column\" data-e-type=\"column\" data-settings=\"{&quot;background_background&quot;:&quot;classic&quot;}\">\n\t\t\t<div class=\"elementor-widget-wrap elementor-element-populated\">\n\t\t\t\t\t\t<section class=\"elementor-section elementor-inner-section elementor-element elementor-element-a545f1b elementor-section-boxed elementor-section-height-default elementor-section-height-default\" data-id=\"a545f1b\" data-element_type=\"section\" data-e-type=\"section\">\n\t\t\t\t\t\t<div class=\"elementor-container elementor-column-gap-default\">\n\t\t\t\t\t<div class=\"elementor-column elementor-col-100 elementor-inner-column elementor-element elementor-element-657bb74\" data-id=\"657bb74\" data-element_type=\"column\" data-e-type=\"column\">\n\t\t\t<div class=\"elementor-widget-wrap elementor-element-populated\">\n\t\t\t\t\t\t<div class=\"elementor-element elementor-element-10a5eda elementor-view-default elementor-widget elementor-widget-icon\" data-id=\"10a5eda\" data-element_type=\"widget\" data-e-type=\"widget\" data-widget_type=\"icon.default\">\n\t\t\t\t\t\t\t<div class=\"elementor-icon-wrapper\">\n\t\t\t<div class=\"elementor-icon\">\n\t\t\t<svg aria-hidden=\"true\" class=\"e-font-icon-svg e-fas-star\" viewBox=\"0 0 576 512\" xmlns=\"http:\/\/www.w3.org\/2000\/svg\"><path d=\"M259.3 17.8L194 150.2 47.9 171.5c-26.2 3.8-36.7 36.1-17.7 54.6l105.7 103-25 145.5c-4.5 26.3 23.2 46 46.4 33.7L288 439.6l130.7 68.7c23.2 12.2 50.9-7.4 46.4-33.7l-25-145.5 105.7-103c19-18.5 8.5-50.8-17.7-54.6L382 150.2 316.7 17.8c-11.7-23.6-45.6-23.9-57.4 0z\"><\/path><\/svg>\t\t\t<\/div>\n\t\t<\/div>\n\t\t\t\t\t\t<\/div>\n\t\t\t\t<div class=\"elementor-element elementor-element-b80f119 elementor-widget elementor-widget-heading\" data-id=\"b80f119\" data-element_type=\"widget\" data-e-type=\"widget\" data-widget_type=\"heading.default\">\n\t\t\t\t\t<h2 class=\"elementor-heading-title elementor-size-default\">OBS\u0141UGA KLIENT\u00d3W INDYWIDUALNYCH<\/h2>\t\t\t\t<\/div>\n\t\t\t\t<div class=\"elementor-element elementor-element-cabc60c elementor-widget elementor-widget-text-editor\" data-id=\"cabc60c\" data-element_type=\"widget\" data-e-type=\"widget\" data-widget_type=\"text-editor.default\">\n\t\t\t\t\t\t\t\t\t<p>Obs\u0142uga Klient\u00f3w Indywidualnych, dzi\u0119ki wsp\u00f3\u0142pracy z specjalistami z r\u00f3\u017cnorakich dziedzin prawa obejmuje praktycznie ka\u017cdy zakres spraw, takich jak :<\/p><p>&#8211; prawo karne,<\/p><p>&#8211; prawo cywilne,<\/p><p>&#8211; prawo rodzinne,<\/p><p>&#8211; prawo mieszkaniowe i sp\u00f3\u0142dzielcze,<\/p><p>&#8211; prawo podatkowe,<\/p><p>&#8211; prawo pracy,<\/p><p>&#8211; prawo administracyjne,<\/p><p>&#8211; prawo pracy i ubezpiecze\u0144 spo\u0142ecznych,<\/p><p>&#8211; prawo autorskie,<\/p><p>&#8211; post\u0119powanie przed s\u0105dami,<\/p><p>&#8211; post\u0119powanie egzekucyjne.<\/p>\t\t\t\t\t\t\t\t<\/div>\n\t\t\t\t\t<\/div>\n\t\t<\/div>\n\t\t\t\t\t<\/div>\n\t\t<\/section>\n\t\t\t\t\t<\/div>\n\t\t<\/div>\n\t\t\t\t\t<\/div>\n\t\t<\/section>\n\t\t\t\t<section class=\"elementor-section elementor-top-section elementor-element elementor-element-a6fe752 elementor-section-stretched elementor-section-boxed elementor-section-height-default elementor-section-height-default\" data-id=\"a6fe752\" data-element_type=\"section\" data-e-type=\"section\" data-settings=\"{&quot;stretch_section&quot;:&quot;section-stretched&quot;,&quot;background_background&quot;:&quot;classic&quot;}\">\n\t\t\t\t\t\t\t<div class=\"elementor-background-overlay\"><\/div>\n\t\t\t\t\t\t\t<div class=\"elementor-container elementor-column-gap-default\">\n\t\t\t\t\t<div class=\"elementor-column elementor-col-100 elementor-top-column elementor-element elementor-element-7337c43\" data-id=\"7337c43\" data-element_type=\"column\" data-e-type=\"column\">\n\t\t\t<div class=\"elementor-widget-wrap elementor-element-populated\">\n\t\t\t\t\t\t<div class=\"elementor-element elementor-element-d93f475 elementor-widget elementor-widget-heading\" data-id=\"d93f475\" data-element_type=\"widget\" data-e-type=\"widget\" data-widget_type=\"heading.default\">\n\t\t\t\t\t<h2 class=\"elementor-heading-title elementor-size-default\">DLACZEGO MY<\/h2>\t\t\t\t<\/div>\n\t\t\t\t<div class=\"elementor-element elementor-element-afb0ee8 elementor-widget elementor-widget-heading\" data-id=\"afb0ee8\" data-element_type=\"widget\" data-e-type=\"widget\" data-widget_type=\"heading.default\">\n\t\t\t\t\t<h2 class=\"elementor-heading-title elementor-size-default\">Potrzebujesz najlepszych prawnik\u00f3w<\/h2>\t\t\t\t<\/div>\n\t\t\t\t<div class=\"elementor-element elementor-element-2cdbc25 elementor-widget elementor-widget-text-editor\" data-id=\"2cdbc25\" data-element_type=\"widget\" data-e-type=\"widget\" data-widget_type=\"text-editor.default\">\n\t\t\t\t\t\t\t\t\t<p>Us\u0142ugi adwokackie na rzecz klient\u00f3w indywidualnych \u015bwiadczone s\u0105 w nast\u0119puj\u0105cych formach:<\/p><p>&#8211; ustne porady prawne (udzielane na spotkaniu lub przez telefon),<\/p><p>&#8211; pisemne opinie i analizy prawne (w bardziej skomplikowanych stanach prawnych (np. analiza um\u00f3w, spraw s\u0105dowych i administracyjnych), sporz\u0105dzane na pi\u015bmie (na zwyk\u0142ym papierze lub w formie elektronicznej),<\/p><p>&#8211; prowadzenie negocjacji (np. w sprawach rozwodowych, rodzinnych, o podzia\u0142 maj\u0105tku, z deweloperami, z prokuratur\u0105, w sporach s\u0105dowych itd.),<\/p><p>&#8211; reprezentacja przed s\u0105dami w charakterze pe\u0142nomocnika procesowego, obro\u0144cy lub oskar\u017cyciela posi\u0142kowego, przed wszystkimi s\u0105dami powszechnym i administracyjnymi oraz S\u0105dem Najwy\u017cszym i Naczelnym S\u0105dem Administracyjnym).<\/p>\t\t\t\t\t\t\t\t<\/div>\n\t\t\t\t\t<\/div>\n\t\t<\/div>\n\t\t\t\t\t<\/div>\n\t\t<\/section>\n\t\t\t\t<\/div>\n\t\t","protected":false},"excerpt":{"rendered":"<p>Witamy Pa\u0144stwa na stronie Kancelarii Adwokackiej Adwokata Mariusza \u0141az\u0119ckiego Kancelaria zapewnia wszechstronn\u0105 pomoc prawn\u0105 zar\u00f3wno osobom fizycznym jak i przedsi\u0119biorcom w zakresie wszystkich dziedzin prawa,&hellip;<\/p>\n","protected":false},"author":1,"featured_media":0,"parent":0,"menu_order":0,"comment_status":"closed","ping_status":"closed","template":"","meta":{"_eb_attr":"","footnotes":""},"class_list":["post-57","page","type-page","status-publish","hentry"],"_links":{"self":[{"href":"https:\/\/lazeckilegal.pl\/index.php\/wp-json\/wp\/v2\/pages\/57","targetHints":{"allow":["GET"]}}],"collection":[{"href":"https:\/\/lazeckilegal.pl\/index.php\/wp-json\/wp\/v2\/pages"}],"about":[{"href":"https:\/\/lazeckilegal.pl\/index.php\/wp-json\/wp\/v2\/types\/page"}],"author":[{"embeddable":true,"href":"https:\/\/lazeckilegal.pl\/index.php\/wp-json\/wp\/v2\/users\/1"}],"replies":[{"embeddable":true,"href":"https:\/\/lazeckilegal.pl\/index.php\/wp-json\/wp\/v2\/comments?post=57"}],"version-history":[{"count":211,"href":"https:\/\/lazeckilegal.pl\/index.php\/wp-json\/wp\/v2\/pages\/57\/revisions"}],"predecessor-version":[{"id":3097,"href":"https:\/\/lazeckilegal.pl\/index.php\/wp-json\/wp\/v2\/pages\/57\/revisions\/3097"}],"wp:attachment":[{"href":"https:\/\/lazeckilegal.pl\/index.php\/wp-json\/wp\/v2\/media?parent=57"}],"curies":[{"name":"wp","href":"https:\/\/api.w.org\/{rel}","templated":true}]}}